{"id":11375,"date":"2010-01-12T22:43:43","date_gmt":"2010-01-12T21:43:43","guid":{"rendered":"http:\/\/www.bistrobih.ba\/nova\/?page_id=11375"},"modified":"2010-04-03T18:34:33","modified_gmt":"2010-04-03T16:34:33","slug":"jugovo-jezero","status":"publish","type":"page","link":"http:\/\/www.bistrobih.ba\/nova\/jugovo-jezero\/","title":{"rendered":"Jugovo jezero"},"content":{"rendered":"<div id='gallery-1' class='gallery galleryid-11375 gallery-columns-2 gallery-size-colormag-featured-image'><figure class='gallery-item'>\n\t\t\t<div class='gallery-icon landscape'>\n\t\t\t\t<a href='http:\/\/www.bistrobih.ba\/nova\/jugovo-jezero\/normal_jugovo\/'><img loading=\"lazy\" decoding=\"async\" width=\"400\" height=\"280\" src=\"http:\/\/www.bistrobih.ba\/nova\/wp-content\/uploads\/2010\/01\/normal_jugovo.jpg\" class=\"attachment-colormag-featured-image size-colormag-featured-image\" alt=\"\" srcset=\"http:\/\/www.bistrobih.ba\/nova\/wp-content\/uploads\/2010\/01\/normal_jugovo.jpg 400w, http:\/\/www.bistrobih.ba\/nova\/wp-content\/uploads\/2010\/01\/normal_jugovo-250x175.jpg 250w, http:\/\/www.bistrobih.ba\/nova\/wp-content\/uploads\/2010\/01\/normal_jugovo-130x90.jpg 130w\" sizes=\"auto, (max-width: 400px) 100vw, 400px\" \/><\/a>\n\t\t\t<\/div><\/figure><figure class='gallery-item'>\n\t\t\t<div class='gallery-icon portrait'>\n\t\t\t\t<a href='http:\/\/www.bistrobih.ba\/nova\/jugovo-jezero\/normal_na_zelengori_36p_copy\/'><img loading=\"lazy\" decoding=\"async\" width=\"283\" height=\"400\" src=\"http:\/\/www.bistrobih.ba\/nova\/wp-content\/uploads\/2010\/01\/normal_NA_ZELENGORI_36p_copy.jpg\" class=\"attachment-colormag-featured-image size-colormag-featured-image\" alt=\"\" srcset=\"http:\/\/www.bistrobih.ba\/nova\/wp-content\/uploads\/2010\/01\/normal_NA_ZELENGORI_36p_copy.jpg 283w, http:\/\/www.bistrobih.ba\/nova\/wp-content\/uploads\/2010\/01\/normal_NA_ZELENGORI_36p_copy-133x188.jpg 133w\" sizes=\"auto, (max-width: 283px) 100vw, 283px\" \/><\/a>\n\t\t\t<\/div><\/figure><figure class='gallery-item'>\n\t\t\t<div class='gallery-icon landscape'>\n\t\t\t\t<a href='http:\/\/www.bistrobih.ba\/nova\/jugovo-jezero\/normal_zelengora-jezerai\/'><img loading=\"lazy\" decoding=\"async\" width=\"399\" height=\"319\" src=\"http:\/\/www.bistrobih.ba\/nova\/wp-content\/uploads\/2010\/01\/normal_zelengora-jezerai.jpg\" class=\"attachment-colormag-featured-image size-colormag-featured-image\" alt=\"\" srcset=\"http:\/\/www.bistrobih.ba\/nova\/wp-content\/uploads\/2010\/01\/normal_zelengora-jezerai.jpg 399w, http:\/\/www.bistrobih.ba\/nova\/wp-content\/uploads\/2010\/01\/normal_zelengora-jezerai-235x188.jpg 235w\" sizes=\"auto, (max-width: 399px) 100vw, 399px\" \/><\/a>\n\t\t\t<\/div><\/figure><figure class='gallery-item'>\n\t\t\t<div class='gallery-icon landscape'>\n\t\t\t\t<a href='http:\/\/www.bistrobih.ba\/nova\/jugovo-jezero\/normal_zelengora-jezeraii\/'><img loading=\"lazy\" decoding=\"async\" width=\"399\" height=\"317\" src=\"http:\/\/www.bistrobih.ba\/nova\/wp-content\/uploads\/2010\/01\/normal_zelengora-jezeraii.jpg\" class=\"attachment-colormag-featured-image size-colormag-featured-image\" alt=\"\" srcset=\"http:\/\/www.bistrobih.ba\/nova\/wp-content\/uploads\/2010\/01\/normal_zelengora-jezeraii.jpg 399w, http:\/\/www.bistrobih.ba\/nova\/wp-content\/uploads\/2010\/01\/normal_zelengora-jezeraii-237x188.jpg 237w\" sizes=\"auto, (max-width: 399px) 100vw, 399px\" \/><\/a>\n\t\t\t<\/div><\/figure>\n\t\t<\/div>\n\n<p>Jugovo jezero, jedino vje\u0161ta\u010dko jezero na Zelengori.Ime je dobilo po svom konstruktoru, Jugo je bio lovo\u010duvar u Nacionalnom parku, i njegova ideja o pregradnji jednog potoka je rezultirala nastankom ovog lijepog jezerceta.Jugovo jezero je dugo oko 250m. i \u0161iroko oko 100m.Nalazi se na oko 1450 m. nadmorske visine.U njemu ima uba\u010dene kalifornijske pastrmke, \u010dija se mladj svake godine ponovo ubacuje.Jezerom gazduje Nacionalni park &#8220;Tjenti\u0161te&#8221;, i dozvola se mo\u017ee kupiti u upravi po cijeni od 10 KM, ili na vodi od lovo\u010duvara, gdje je cijena 15 km.Prilaz je sa \u010cemerna, desno skretanje na makadamski put, a do jezera je, od tog skretanja, oko 25 km i mo\u017ee se pri\u0107i autom do same vode.U produ\u017eetku, istim putem, nakon 3-4 km se nalazi <a href=\"?page_id=11537\" target=\"_self\">Orlova\u010dko jezero<\/a>.<\/p>\n<p>Jugovo lake is the only artificial lake on Zelangora. It was named by its constructor. Jugo was the hunting-guardian in the Nacional park, and his idea, the partitition of the one brook was resulted with arise of this beautiful lake. Jugovo lake is about 250 meters long, about 100 m wide and on about 1450 m of altitude. The californian trout was introduced \u00a0in lake. The management of this lake is in hands of the National park \u00abTjenti\u0161te\u00bb, and the permission you can buy by the price of 10 KM. The access to the lake is from \u010cemerna direction.<br \/>\nPrevod: Jasmina Rami\u0107<\/p>\n","protected":false},"excerpt":{"rendered":"<p>Jugovo jezero, jedino vje\u0161ta\u010dko jezero na Zelengori.Ime je dobilo po svom konstruktoru, Jugo je bio lovo\u010duvar u Nacionalnom parku, i<\/p>\n","protected":false},"author":8,"featured_media":0,"parent":0,"menu_order":0,"comment_status":"open","ping_status":"open","template":"","meta":{"colormag_page_container_layout":"default_layout","colormag_page_sidebar_layout":"default_layout","footnotes":""},"class_list":["post-11375","page","type-page","status-publish","hentry"],"_links":{"self":[{"href":"http:\/\/www.bistrobih.ba\/nova\/wp-json\/wp\/v2\/pages\/11375","targetHints":{"allow":["GET"]}}],"collection":[{"href":"http:\/\/www.bistrobih.ba\/nova\/wp-json\/wp\/v2\/pages"}],"about":[{"href":"http:\/\/www.bistrobih.ba\/nova\/wp-json\/wp\/v2\/types\/page"}],"author":[{"embeddable":true,"href":"http:\/\/www.bistrobih.ba\/nova\/wp-json\/wp\/v2\/users\/8"}],"replies":[{"embeddable":true,"href":"http:\/\/www.bistrobih.ba\/nova\/wp-json\/wp\/v2\/comments?post=11375"}],"version-history":[{"count":4,"href":"http:\/\/www.bistrobih.ba\/nova\/wp-json\/wp\/v2\/pages\/11375\/revisions"}],"predecessor-version":[{"id":14226,"href":"http:\/\/www.bistrobih.ba\/nova\/wp-json\/wp\/v2\/pages\/11375\/revisions\/14226"}],"wp:attachment":[{"href":"http:\/\/www.bistrobih.ba\/nova\/wp-json\/wp\/v2\/media?parent=11375"}],"curies":[{"name":"wp","href":"https:\/\/api.w.org\/{rel}","templated":true}]}}