{"id":7776,"date":"2009-12-29T21:29:29","date_gmt":"2009-12-29T20:29:29","guid":{"rendered":"http:\/\/www.bistrobih.ba\/nova\/?page_id=7776"},"modified":"2018-05-23T11:54:04","modified_gmt":"2018-05-23T09:54:04","slug":"jezero-alagovac","status":"publish","type":"page","link":"http:\/\/www.bistrobih.ba\/nova\/jezero-alagovac\/","title":{"rendered":"Jezero Alagovac"},"content":{"rendered":"<p><a href=\"http:\/\/www.bistrobih.ba\/galerija\/albums\/userpics\/10001\/aligovac2.jpg\" target=\"http:\/\/www.bistrobih.ba\/galerija\/albums\/userpics\/10001\/aligovac2.jpg\"><img loading=\"lazy\" decoding=\"async\" src=\"http:\/\/www.bistrobih.ba\/galerija\/albums\/userpics\/10001\/normal_aligovac2.jpg\" alt=\"Click to view full size image\" width=\"398\" height=\"79\" border=\"0\" \/><\/a><\/p>\n<p><img loading=\"lazy\" decoding=\"async\" src=\"http:\/\/www.bistrobih.ba\/galerija\/albums\/userpics\/10001\/normal_JezeroAlagovac.jpg\" alt=\"Click to view full size image\" width=\"396\" height=\"70\" border=\"0\" \/><\/p>\n<p><a href=\"http:\/\/www.bistrobih.ba\/galerija\/albums\/userpics\/10001\/Aligovac.jpg\" target=\"_blank\" rel=\"noopener\"><img loading=\"lazy\" decoding=\"async\" src=\"http:\/\/www.bistrobih.ba\/galerija\/albums\/userpics\/10001\/normal_Aligovac.jpg\" alt=\"Click to view full size image\" width=\"400\" height=\"299\" border=\"0\" \/><\/a><\/p>\n<p><span style=\"font-family: Times New Roman;\">\u00a0\u00a0<span style=\"font-size: small; font-family: Tahoma;\">\u00a0 <span style=\"color: #000080;\">Vje\u0161ta\u010dko jezero u blizini Nevesinja, ispod planine Vele\u017e.Puno \u0161arana, amura i tolstolobika, koje se redovno poribljava od strane Sportsko \u2013 ribolovnog dru\u0161tva \u201c Zalomka\u201c iz\u00a0 Nevesinja.<\/span><\/span><\/span><\/p>\n<p><span style=\"font-size: small; color: #990000; font-family: Tahoma;\">Artificial lake, near Nevesinje, underneath Vele\u017e mountain. There is a lot of\u00a0 carps, Grass Carp (<em>Ctenopharyngodon idella<\/em>)<strong>, <\/strong>silver carp (<em>Hypophthalmichthys molitrix<\/em>)<strong>. <\/strong>The lake has been ragulary ranched by the Sports-fishing\u00a0 association Zalomka from Nevesinje. <\/span><\/p>\n","protected":false},"excerpt":{"rendered":"<p>\u00a0\u00a0\u00a0 Vje\u0161ta\u010dko jezero u blizini Nevesinja, ispod planine Vele\u017e.Puno \u0161arana, amura i tolstolobika, koje se redovno poribljava od strane Sportsko<\/p>\n","protected":false},"author":8,"featured_media":0,"parent":0,"menu_order":0,"comment_status":"closed","ping_status":"open","template":"","meta":{"colormag_page_container_layout":"default_layout","colormag_page_sidebar_layout":"default_layout","footnotes":""},"class_list":["post-7776","page","type-page","status-publish","hentry"],"_links":{"self":[{"href":"http:\/\/www.bistrobih.ba\/nova\/wp-json\/wp\/v2\/pages\/7776","targetHints":{"allow":["GET"]}}],"collection":[{"href":"http:\/\/www.bistrobih.ba\/nova\/wp-json\/wp\/v2\/pages"}],"about":[{"href":"http:\/\/www.bistrobih.ba\/nova\/wp-json\/wp\/v2\/types\/page"}],"author":[{"embeddable":true,"href":"http:\/\/www.bistrobih.ba\/nova\/wp-json\/wp\/v2\/users\/8"}],"replies":[{"embeddable":true,"href":"http:\/\/www.bistrobih.ba\/nova\/wp-json\/wp\/v2\/comments?post=7776"}],"version-history":[{"count":2,"href":"http:\/\/www.bistrobih.ba\/nova\/wp-json\/wp\/v2\/pages\/7776\/revisions"}],"predecessor-version":[{"id":57182,"href":"http:\/\/www.bistrobih.ba\/nova\/wp-json\/wp\/v2\/pages\/7776\/revisions\/57182"}],"wp:attachment":[{"href":"http:\/\/www.bistrobih.ba\/nova\/wp-json\/wp\/v2\/media?parent=7776"}],"curies":[{"name":"wp","href":"https:\/\/api.w.org\/{rel}","templated":true}]}}