{"id":8979,"date":"2010-01-04T14:21:19","date_gmt":"2010-01-04T13:21:19","guid":{"rendered":"http:\/\/www.bistrobih.ba\/nova\/?page_id=8979"},"modified":"2010-02-21T02:03:13","modified_gmt":"2010-02-21T01:03:13","slug":"pes-obicni-cottus-gobio","status":"publish","type":"page","link":"http:\/\/www.bistrobih.ba\/nova\/pes-obicni-cottus-gobio\/","title":{"rendered":"Pe\u0161 obi\u010dni (Cottus gobio)"},"content":{"rendered":"<p style=\"text-align: center;\"><a class=\"lightbox\" title=\"obicni-pes\" href=\"http:\/\/www.bistrobih.ba\/nova\/wp-content\/uploads\/2010\/01\/obicni-pes.jpg\"><img loading=\"lazy\" decoding=\"async\" class=\"aligncenter size-full wp-image-8980\" title=\"obicni-pes\" src=\"http:\/\/www.bistrobih.ba\/nova\/wp-content\/uploads\/2010\/01\/obicni-pes.jpg\" alt=\"\" width=\"460\" height=\"323\" srcset=\"http:\/\/www.bistrobih.ba\/nova\/wp-content\/uploads\/2010\/01\/obicni-pes.jpg 544w, http:\/\/www.bistrobih.ba\/nova\/wp-content\/uploads\/2010\/01\/obicni-pes-250x176.jpg 250w, http:\/\/www.bistrobih.ba\/nova\/wp-content\/uploads\/2010\/01\/obicni-pes-130x90.jpg 130w\" sizes=\"auto, (max-width: 460px) 100vw, 460px\" \/><\/a><\/p>\n<p style=\"text-align: center;\">Balavi pe\u0161 &#8211; Rije\u010dni pe\u0161<\/p>\n<p>Pe\u0161 je srodnik \u010dikovima, pa i dijeli isto stani\u0161te sa kamenim \u010dikovom. Najvi\u0161e voli brzo teku\u0107e vode u kojima se krije iza kamenja, u gustoj travi dna ili u korjenju priobalnog bilja. Glava mu je vertikalno spljo\u0161tena i ima po jednu malu bodlju sa svake strane. Dva dorzalna i repno peraje su mu lepezastog oblika. Boja mu varira u zavisnosti od stani\u0161ta, ali je naj\u010de\u0161\u0107e braon zelene boje sa tamnijim nepravilnim \u0161arama. Naraste do 12 cm.<\/p>\n<p>Hrani se krupnijim insektima i njihovim larvama kao i raznim rije\u010dnim ra\u010di\u0107ima. U na\u0161im vodama \u017eive dvije vrste pe\u0161eva. Cottus gobio vrlo rijetko napada, a Cottus poecilopus nikada ne napada ikru drugih riba tako da se ne mo\u017ee smatrati \u0161tetnom ribom. Dok prva vrsta \u017eivi u cijeloj srednjoj Evropi, druga je nastanjena uglavnom u donjim tokovima rijeka dunavskog sliva. Mrijesti se od marta do maja i svoje gnijezdo brani od drugih riba. Mla\u0111 se izle\u017ee nakon tri do \u010detiri nedelja i sve vrijeme su roditelji u blizini. Nakon izvaljivanja, mla\u0111 odlazi nizvodno u potrazi za hranom.<\/p>\n<p><strong><em>LOV PE\u0160A<\/em><\/strong><\/p>\n<p>Nema ekonomskog zna\u010daja i sem na takmi\u010denjima, nema ga svrhe loviti. Lovi se lakim ribolovnim priborom, najlon debljine 0,10 &#8211; 0,16 ili tanji, udica br. 12-16, plovak nosivosti 0,5 &#8211; 1,5 gr. Mamci su glista i razni insekti. Mjesta za lov pe\u0161a su priobalna podru\u010dja \u010dije dno mora biti kamenito.<\/p>\n<p>Koristi se kao (dobar) mamac za smu\u0111a, koji mu je i najve\u0107i prirodni neprijatelj. Pe\u0161 kao mamac mo\u017ee dugo da pre\u017eivi na udici i da podnese velike dubine i nedostatak kiseonika, \u0161to nije slu\u010daj sa beovicom, koju nedostatak kiseonika i duboka voda brzo ubijaju.<\/p>\n<p><!--mstheme--><!--msnavigation--><\/p>\n","protected":false},"excerpt":{"rendered":"<p>Balavi pe\u0161 &#8211; Rije\u010dni pe\u0161 Pe\u0161 je srodnik \u010dikovima, pa i dijeli isto stani\u0161te sa kamenim \u010dikovom. Najvi\u0161e voli brzo<\/p>\n","protected":false},"author":11,"featured_media":0,"parent":0,"menu_order":0,"comment_status":"closed","ping_status":"open","template":"","meta":{"colormag_page_container_layout":"default_layout","colormag_page_sidebar_layout":"default_layout","footnotes":""},"class_list":["post-8979","page","type-page","status-publish","hentry"],"_links":{"self":[{"href":"http:\/\/www.bistrobih.ba\/nova\/wp-json\/wp\/v2\/pages\/8979","targetHints":{"allow":["GET"]}}],"collection":[{"href":"http:\/\/www.bistrobih.ba\/nova\/wp-json\/wp\/v2\/pages"}],"about":[{"href":"http:\/\/www.bistrobih.ba\/nova\/wp-json\/wp\/v2\/types\/page"}],"author":[{"embeddable":true,"href":"http:\/\/www.bistrobih.ba\/nova\/wp-json\/wp\/v2\/users\/11"}],"replies":[{"embeddable":true,"href":"http:\/\/www.bistrobih.ba\/nova\/wp-json\/wp\/v2\/comments?post=8979"}],"version-history":[{"count":3,"href":"http:\/\/www.bistrobih.ba\/nova\/wp-json\/wp\/v2\/pages\/8979\/revisions"}],"predecessor-version":[{"id":14798,"href":"http:\/\/www.bistrobih.ba\/nova\/wp-json\/wp\/v2\/pages\/8979\/revisions\/14798"}],"wp:attachment":[{"href":"http:\/\/www.bistrobih.ba\/nova\/wp-json\/wp\/v2\/media?parent=8979"}],"curies":[{"name":"wp","href":"https:\/\/api.w.org\/{rel}","templated":true}]}}