{"id":9996,"date":"2010-01-06T21:54:50","date_gmt":"2010-01-06T20:54:50","guid":{"rendered":"http:\/\/www.bistrobih.ba\/nova\/?page_id=9996"},"modified":"2018-05-23T11:57:31","modified_gmt":"2018-05-23T09:57:31","slug":"buzimsko-jezero","status":"publish","type":"page","link":"http:\/\/www.bistrobih.ba\/nova\/buzimsko-jezero\/","title":{"rendered":"Bu\u017eimsko Jezero"},"content":{"rendered":"<div id='gallery-1' class='gallery galleryid-9996 gallery-columns-2 gallery-size-colormag-featured-image'><figure class='gallery-item'>\n\t\t\t<div class='gallery-icon landscape'>\n\t\t\t\t<a href='http:\/\/www.bistrobih.ba\/nova\/buzimsko-jezero\/normal_buzimsko_jezero_3\/'><img loading=\"lazy\" decoding=\"async\" width=\"400\" height=\"300\" src=\"http:\/\/www.bistrobih.ba\/nova\/wp-content\/uploads\/2010\/01\/normal_Buzimsko_jezero_3.jpg\" class=\"attachment-colormag-featured-image size-colormag-featured-image\" alt=\"\" srcset=\"http:\/\/www.bistrobih.ba\/nova\/wp-content\/uploads\/2010\/01\/normal_Buzimsko_jezero_3.jpg 400w, http:\/\/www.bistrobih.ba\/nova\/wp-content\/uploads\/2010\/01\/normal_Buzimsko_jezero_3-250x188.jpg 250w\" sizes=\"auto, (max-width: 400px) 100vw, 400px\" \/><\/a>\n\t\t\t<\/div><\/figure><figure class='gallery-item'>\n\t\t\t<div class='gallery-icon landscape'>\n\t\t\t\t<a href='http:\/\/www.bistrobih.ba\/nova\/buzimsko-jezero\/normal_buzimsko_jezero\/'><img loading=\"lazy\" decoding=\"async\" width=\"400\" height=\"300\" src=\"http:\/\/www.bistrobih.ba\/nova\/wp-content\/uploads\/2010\/01\/normal_Buzimsko_jezero.jpg\" class=\"attachment-colormag-featured-image size-colormag-featured-image\" alt=\"\" srcset=\"http:\/\/www.bistrobih.ba\/nova\/wp-content\/uploads\/2010\/01\/normal_Buzimsko_jezero.jpg 400w, http:\/\/www.bistrobih.ba\/nova\/wp-content\/uploads\/2010\/01\/normal_Buzimsko_jezero-250x188.jpg 250w\" sizes=\"auto, (max-width: 400px) 100vw, 400px\" \/><\/a>\n\t\t\t<\/div><\/figure><figure class='gallery-item'>\n\t\t\t<div class='gallery-icon landscape'>\n\t\t\t\t<a href='http:\/\/www.bistrobih.ba\/nova\/buzimsko-jezero\/normal_buzimsko_jezero_1\/'><img loading=\"lazy\" decoding=\"async\" width=\"400\" height=\"300\" src=\"http:\/\/www.bistrobih.ba\/nova\/wp-content\/uploads\/2010\/01\/normal_Buzimsko_jezero_1.jpg\" class=\"attachment-colormag-featured-image size-colormag-featured-image\" alt=\"\" srcset=\"http:\/\/www.bistrobih.ba\/nova\/wp-content\/uploads\/2010\/01\/normal_Buzimsko_jezero_1.jpg 400w, http:\/\/www.bistrobih.ba\/nova\/wp-content\/uploads\/2010\/01\/normal_Buzimsko_jezero_1-250x188.jpg 250w\" sizes=\"auto, (max-width: 400px) 100vw, 400px\" \/><\/a>\n\t\t\t<\/div><\/figure><figure class='gallery-item'>\n\t\t\t<div class='gallery-icon landscape'>\n\t\t\t\t<a href='http:\/\/www.bistrobih.ba\/nova\/buzimsko-jezero\/normal_buzimsko_jezero_2\/'><img loading=\"lazy\" decoding=\"async\" width=\"400\" height=\"300\" src=\"http:\/\/www.bistrobih.ba\/nova\/wp-content\/uploads\/2010\/01\/normal_Buzimsko_jezero_2.jpg\" class=\"attachment-colormag-featured-image size-colormag-featured-image\" alt=\"\" srcset=\"http:\/\/www.bistrobih.ba\/nova\/wp-content\/uploads\/2010\/01\/normal_Buzimsko_jezero_2.jpg 400w, http:\/\/www.bistrobih.ba\/nova\/wp-content\/uploads\/2010\/01\/normal_Buzimsko_jezero_2-250x188.jpg 250w\" sizes=\"auto, (max-width: 400px) 100vw, 400px\" \/><\/a>\n\t\t\t<\/div><\/figure>\n\t\t<\/div>\n\n<p>Bu\u017eimsko jezero je smje\u0161teno par kilometara od Bu\u017eima, u selu Vrhovska.Jezero se nalazi ispod napu\u0161tenog rudnika mangana i napravljeno je za potrebe istog.<br \/>\nJezero je povr\u0161ine oko 2 hektara i najve\u0107e dubine oko 7 metara, sa muljevitim dnom.Od ribe, u jezeru ima \u0161arana, mrene, \u0161tuke i klena, te, kako ga ovde zovu, crvenog \u0161arana.\u0160to se ti\u010de kapitalnih ulova, lovljeni su \u0161arani do 8 kilograma, ali je bilo kidanja najlona i odvla\u010denja \u0161tapova, tako da se pretpostavlja da u jezeru ima i ve\u0107ih primjeraka.<br \/>\nNa jezeru se svake godine odr\u017eavaju takmi\u010denja u lovu ribe udicom na plovak i samo jezero je smje\u0161teno u netaknutoj prirodi.Prilaz jezeru i krajolik je prelijep, a oko jezera je ribarska staza koja omogu\u0107ava ribolov sa vi\u0161e pozicija.Jedino \u0161to preostaje po dolasku na ovo jezero je \u2013 kupiti dnevnu kartu od 20 KM i isprobati ribarsku sre\u0107u sa kapitalnim ribama Bu\u017eimskog jezera<br \/>\n<em>(Info i slike \u2013 Dizdarevi\u0107 Mervin &#8211; Alar)<\/em><\/p>\n<p>Bu\u017eimsko lake is situated few kilometers from Bu\u017eim, in Vrhovska village. It`s under lone mine of\u00a0 manganese and it`s made for its needs. Lake`s size is about 2 hectares,with depth of 7 meters. In this lake you can find carps, barbel<strong>, <\/strong>pikes, chub and red carp. In this lake were cacthed carps till 8 kg of weigth, but it was asumed that there are bigger examples here too, because of the abstract of the sticks. Every year competitions\u00a0 of catching fish with the hook are maintaining. This lake is settled in untouched nature. The access to the lake and panorama is beautiful, and around lake is pathway which provides ranching from several positions. The only thing that`s missing, is to buy a daily ticket which costs 20 KM, and to try your fishing luck with kapital fishes of Bu\u017eimsko lake.<\/p>\n","protected":false},"excerpt":{"rendered":"<p>Bu\u017eimsko jezero je smje\u0161teno par kilometara od Bu\u017eima, u selu Vrhovska.Jezero se nalazi ispod napu\u0161tenog rudnika mangana i napravljeno je<\/p>\n","protected":false},"author":8,"featured_media":0,"parent":0,"menu_order":0,"comment_status":"open","ping_status":"open","template":"","meta":{"colormag_page_container_layout":"default_layout","colormag_page_sidebar_layout":"default_layout","footnotes":""},"class_list":["post-9996","page","type-page","status-publish","hentry"],"_links":{"self":[{"href":"http:\/\/www.bistrobih.ba\/nova\/wp-json\/wp\/v2\/pages\/9996","targetHints":{"allow":["GET"]}}],"collection":[{"href":"http:\/\/www.bistrobih.ba\/nova\/wp-json\/wp\/v2\/pages"}],"about":[{"href":"http:\/\/www.bistrobih.ba\/nova\/wp-json\/wp\/v2\/types\/page"}],"author":[{"embeddable":true,"href":"http:\/\/www.bistrobih.ba\/nova\/wp-json\/wp\/v2\/users\/8"}],"replies":[{"embeddable":true,"href":"http:\/\/www.bistrobih.ba\/nova\/wp-json\/wp\/v2\/comments?post=9996"}],"version-history":[{"count":4,"href":"http:\/\/www.bistrobih.ba\/nova\/wp-json\/wp\/v2\/pages\/9996\/revisions"}],"predecessor-version":[{"id":57204,"href":"http:\/\/www.bistrobih.ba\/nova\/wp-json\/wp\/v2\/pages\/9996\/revisions\/57204"}],"wp:attachment":[{"href":"http:\/\/www.bistrobih.ba\/nova\/wp-json\/wp\/v2\/media?parent=9996"}],"curies":[{"name":"wp","href":"https:\/\/api.w.org\/{rel}","templated":true}]}}