{"id":8044,"date":"2009-12-30T13:48:23","date_gmt":"2009-12-30T12:48:23","guid":{"rendered":"http:\/\/www.bistrobih.ba\/nova\/?page_id=8044"},"modified":"2010-01-29T16:09:25","modified_gmt":"2010-01-29T15:09:25","slug":"rijeka-una","status":"publish","type":"page","link":"https:\/\/www.bistrobih.ba\/nova\/rijeka-una\/","title":{"rendered":"Rijeka Una"},"content":{"rendered":"<p><strong> <\/strong><\/p>\n<table border=\"1\" width=\"484\" align=\"center\" bordercolor=\"#ffffff\">\n<tbody>\n<tr>\n<td width=\"90\" height=\"1\">N\/V izvora<br \/>\nutoka u BiH u metrima<\/td>\n<td width=\"90\" height=\"1\">N\/V u\u0161\u0107a<br \/>\nistoka iz BiH u metrima<\/td>\n<td width=\"90\" height=\"1\">Visinska razlika m.<\/td>\n<td width=\"90\" height=\"1\">Du\u017eina toka u km<\/td>\n<td width=\"90\" height=\"1\">Du\u017eina toka kroz BiH u km<\/td>\n<\/tr>\n<tr>\n<td height=\"21\"><strong>520<\/strong><\/td>\n<td height=\"21\"><strong>94<\/strong><\/td>\n<td height=\"21\"><strong>426<\/strong><\/td>\n<td height=\"21\"><strong>212,0<\/strong><\/td>\n<td height=\"21\"><strong>212,0<\/strong><\/td>\n<\/tr>\n<\/tbody>\n<\/table>\n<p style=\"text-align: center;\">httpv:\/\/www.youtube.com\/watch?v=E1mxfYfpxTQ<\/p>\n<p>Rijeka Una, je dobila ime od starih rimljana, koji su, po prvi put ugledav\u0161i njenu \u017eivopisnu ljepotu i \u010duv\u0161i \u017eubor njenih slapova, uzviknuli UNA \u0161to bi prevodu zna\u010dilo &#8220;<strong>jedna<\/strong>&#8221; ili &#8220;<strong>jedina<\/strong>&#8220;. Ukupna du\u017eina toka rijeke Une iznosi oko 212.5 kilometara a rijeka izvire u blizini mjesta Donja Suvaja i Donji Lapac ispod padina planina Plje\u0161evice i Stra\u017ebenice u Republici Hrvatskoj u podru\u010dju Like a ulijeva se u rijeku Savu pored Jasenovca u koju godi\u0161nje donese gotovo 8 milijardi kubnih metara vode.<\/p>\n<p>\u0160to zbog plodne zemlje a \u0161to zbog izravnog pristupa vodi, neposredno podru\u010dje rijeke privuklo je velik broj stanovnika tako da\u00a0u\u00a0teritoriji oko rijeke koja\u00a0iznosi preko 9368 km2 \u017eivi preko 700 000 ljudi. Izvor rijeke se nalazi na nadmorskoj visini od oko 450 metara i neodoljivo li\u010di na minijaturno jezero zelenkasto modre boje oko kojeg\u00a0su locirane\u00a0velike vapnena\u010dke stijene. Izvor je za\u0161ti\u0107en kao geografsko geolo\u0161ki\u00a0spomenik prirode.\u00a0Veoma hladna izvorska voda izbija ogromnom snagom iz podzemlja i pravi velike virove a ve\u0107 nakon 20-tak metara od izvora rijeke nalazi se prvi slap. Veliku koli\u010dinu vode upotpunjava i nekoliko manjih pritoka od kojih izdvajamo Studeni Potok, Srebrenicu, Sredicu i Lalinovac. Rije\u010dni tok Une se prote\u017ee kroz slijede\u0107e gradove: Martinbrod, Kulen Vakuf, Ripac, Biha\u0107, Bosansku Krupu, Bosansku Otoku, Novi Grad, Kostajnicu, Kozarsku Dubicu a rijeka utje\u010de u Savu u blizini Jasenovca.<\/p>\n<p>Od ve\u0107ih pritoka izdvajamo Srebrenicu, Unac, Kru\u0161nicu, Mlje\u010danicu, Mo\u0161tanicu, Sanu kao priliv sa desne strane te Klokot i\u00a0\u017dirovac sa lijeve strane uz napomenu da se\u00a0u podru\u010dju toka rijeke od izvora do Biha\u0107a u Unu ulijeva i mno\u0161to podzemnih voda i manjih kra\u0161kih vrela. Rijeci Uni pripada sliv voda izme\u0111u slivova rijeka Kupe i Save na sjeveru, Krke i Zrmanje na jugu, Korane na sjeverozapadu, Vrbasa na istoku te Save na sjeveroistoku. Klima pored Unskog sliva je umjerena kontinentalna planinska klima sa nekih 9.5 C ili pribli\u017eno 12.5 milijardi padavina godi\u0161nje. U vrijeme su\u0161nih ljetnih mjeseci rijeku Unu karakteristi\u0161e nizak vodostaj a od novembra do kraja prolje\u0107a vodostaj rijeke je prili\u010dno visok a rijeka nerijetko zna i da poplavi.<\/p>\n<p>U polaznom toku gdje ima osobine planinske rijeke, sve do Martinbroda\u00a0Una ima prvu kategoriju kvalitete vode. Sve do Biha\u0107a Una te\u010de dinarskim smjerom tj. od jugoistoka prema sjeverozapadu a poslije tok rijeke skre\u0107e u pravcu sjeveroistoka i dalje te\u010de duboko usje\u010denom,\u00a0\u0161irkom i prostranom\u00a0dolinom gdje ima drugu kvalitetu vode.<\/p>\n<p>U rijeci Uni, prema podacima \u017eivi 28 razli\u010ditih vrsta riba koje znaju dose\u0107i i preko 30 kilograma te\u017eine. Pored rijeke raste i gotovo dvije stotine razli\u010ditih vrsta ljekovitih biljaka a jedna rijetka biljka &#8220;Unska Zvon\u010dica&#8221; je upravo dobila ime po rijeci Uni. U gornjem toku rijeke Une zastupljene su sve vrste salamonida;lipljan,pastrmka a nizvodno od Biha\u0107a prema Bosanskoj krupi su salamonidi i ciprinidi i kapitalni primjerci mladice.<\/p>\n<p>Location: north-west region of B&amp;H<\/p>\n<p>Spring: near Donja Suvaja and Donji Lapac in Croatia<\/p>\n<p>Characteristics: mountain river, 25-60 m wide and 0.5-2.5 m deep<\/p>\n<p>&#8230;is mountain river with plentiful rapids, cascades and waterfalls. Una got it\u2019s name during golden age of Roman Empire. The story tells us that when the first Romans saw it they said UNA \u2013 that means THE ONLY ONE. It realy was and is precious stone amoung the world natural inheritance.<\/p>\n<p>At the upper river flow between Martin Brod and Kulen Vakuf at western part of B&amp;H, there is a special fly fishing area rich in brown trout and greyling.<\/p>\n<p>Every single fish caught is experience for itself because all the species are native and absolutely wild, and not rearly extremely large. It offers the best conditions for fly fishing using dry fly, nymphs and streamers.<\/p>\n<p><strong>Una River <\/strong><\/p>\n<p><strong> <\/strong>Una is a river in the western part of Bosnia and Herzegovina; in its lower course it borders Croatia. Una is a right tributary of the Sava river. Its river basin has an area of is 10,400 km\u00b2 and it is inhabited by around a million people.<\/p>\n<p>Una springs from the northeastern slopes of the Stra\u017ebenica mountain, and flows through: Martinbrod, Kulen Vakuf, Ripac, Biha\u0107, Bosanska Krupa, Bosanska Otoka, Novi grad (Bosanski Novi), Kostajnica (Srpska(Bosanska) and Hrvatska), Kozarska Dubica ((Bosanska Dubica)). It flows into the Sava river near Jasenovac in Croatia. The main tributaries are the Unac, Sana, Klokot and Kru\u0161nica rivers.<\/p>\n<p>Over 170 types of medicinal herbs grow by the Una River; a rare plant called Campanile unensis, the Una blue-bell, was named after the Una river's bright blue colors. 28 kinds of fish live in this river and the biggest of which is the huchen.<\/p>\n<p>Ukoliko imate podatke ili slike o ovoj rijeci, mo\u017eete poslati na<br \/>\n<img loading=\"lazy\" decoding=\"async\" src=\"http:\/\/www.bistrobih.ba\/logo\/mail_gmail.jpg\" alt=\"\" width=\"150\" height=\"20\" \/><\/p>\n","protected":false},"excerpt":{"rendered":"<p>N\/V izvora utoka u BiH u metrima N\/V u\u0161\u0107a istoka iz BiH u metrima Visinska razlika m. Du\u017eina toka u<\/p>\n","protected":false},"author":11,"featured_media":0,"parent":0,"menu_order":0,"comment_status":"closed","ping_status":"open","template":"","meta":{"colormag_page_container_layout":"default_layout","colormag_page_sidebar_layout":"default_layout","footnotes":""},"class_list":["post-8044","page","type-page","status-publish","hentry"],"_links":{"self":[{"href":"https:\/\/www.bistrobih.ba\/nova\/wp-json\/wp\/v2\/pages\/8044","targetHints":{"allow":["GET"]}}],"collection":[{"href":"https:\/\/www.bistrobih.ba\/nova\/wp-json\/wp\/v2\/pages"}],"about":[{"href":"https:\/\/www.bistrobih.ba\/nova\/wp-json\/wp\/v2\/types\/page"}],"author":[{"embeddable":true,"href":"https:\/\/www.bistrobih.ba\/nova\/wp-json\/wp\/v2\/users\/11"}],"replies":[{"embeddable":true,"href":"https:\/\/www.bistrobih.ba\/nova\/wp-json\/wp\/v2\/comments?post=8044"}],"version-history":[{"count":2,"href":"https:\/\/www.bistrobih.ba\/nova\/wp-json\/wp\/v2\/pages\/8044\/revisions"}],"predecessor-version":[{"id":13892,"href":"https:\/\/www.bistrobih.ba\/nova\/wp-json\/wp\/v2\/pages\/8044\/revisions\/13892"}],"wp:attachment":[{"href":"https:\/\/www.bistrobih.ba\/nova\/wp-json\/wp\/v2\/media?parent=8044"}],"curies":[{"name":"wp","href":"https:\/\/api.w.org\/{rel}","templated":true}]}}